{"id":220,"date":"2023-03-29T17:37:19","date_gmt":"2023-03-29T17:37:19","guid":{"rendered":"https:\/\/editorvideo.ro\/?page_id=220"},"modified":"2023-05-03T20:16:30","modified_gmt":"2023-05-03T20:16:30","slug":"intrebari-frecvente","status":"publish","type":"page","link":"https:\/\/editorvideo.ro\/en\/intrebari-frecvente\/","title":{"rendered":"FAQ"},"content":{"rendered":"<div data-elementor-type=\"wp-page\" data-elementor-id=\"220\" class=\"elementor elementor-220\" data-elementor-post-type=\"page\">\n\t\t\t\t\t\t<section class=\"elementor-section elementor-top-section elementor-element elementor-element-657e907a elementor-section-full_width elementor-section-height-default elementor-section-height-default elementor-invisible\" data-id=\"657e907a\" data-element_type=\"section\" data-settings=\"{&quot;animation&quot;:&quot;fadeIn&quot;}\">\n\t\t\t\t\t\t<div class=\"elementor-container elementor-column-gap-default\">\n\t\t\t\t\t<div class=\"elementor-column elementor-col-100 elementor-top-column elementor-element elementor-element-693e1d94\" data-id=\"693e1d94\" data-element_type=\"column\">\n\t\t\t<div class=\"elementor-widget-wrap elementor-element-populated\">\n\t\t\t\t\t\t<div class=\"elementor-element elementor-element-6416c4f0 de_scroll_animation_no elementor-invisible elementor-widget elementor-widget-qi_addons_for_elementor_animated_text\" data-id=\"6416c4f0\" data-element_type=\"widget\" data-settings=\"{&quot;_animation&quot;:&quot;fadeIn&quot;}\" data-widget_type=\"qi_addons_for_elementor_animated_text.default\">\n\t\t\t\t<div class=\"elementor-widget-container\">\n\t\t\t\t\t<div class=\"qodef-shortcode qodef-m  qodef-qi-animated-text qodef--animated-by-word  qodef-qi--has-appear qodef--appear-from-right\" >\n\t<\/div>\n\t\t\t\t<\/div>\n\t\t\t\t<\/div>\n\t\t\t\t<div class=\"elementor-element elementor-element-225a231 de_scroll_animation_no elementor-invisible elementor-widget elementor-widget-qi_addons_for_elementor_faq\" data-id=\"225a231\" data-element_type=\"widget\" data-settings=\"{&quot;_animation&quot;:&quot;fadeIn&quot;}\" data-widget_type=\"qi_addons_for_elementor_faq.default\">\n\t\t\t\t<div class=\"elementor-widget-container\">\n\t\t\t\t\t<div class=\"qodef-shortcode qodef-m  qodef-qi-faq qodef-qi-clear  qodef-behavior--accordion qodef-layout--simple qodef-style--standard\">\n\t<h5 class=\"qodef-e-title-holder\">\n\t<span class=\"qodef-e-title\">\n\t\t\t\t1. Ce servicii de editare video oferi\u021bi?\t<\/span>\n\t\t<span class=\"qodef-e-mark\">\n\t\t<span class=\"qodef-icon--plus\">\n\t\t\t\t<span class=\"qodef-e-icon\">\n\t\t<i aria-hidden=\"true\" class=\"icon icon-plus\"><\/i>\t<\/span>\n\t\t\t<\/span>\n\t\t<span class=\"qodef-icon--minus\">\n\t\t\t\t<span class=\"qodef-e-icon\">\n\t\t<i aria-hidden=\"true\" class=\"icon icon-minus\"><\/i>\t<\/span>\n\t\t\t<\/span>\n\t<\/span>\n\t<\/h5>\n<div class=\"qodef-e-content\">\n\t<div class=\"qodef-e-content-inner\">\n\t\t<p>Serviciile noastre personalizate de editare video includ<\/p><p>\u2022 videoclipuri promo\u021bionale,<\/p><p>\u2022 videoclipuri corporative,<\/p><p>\u2022 videoclipuri muzicale,<\/p><p>\u2022 proiecte personale \u0219i multe altele.<\/p><p>Oferim totul, de la editare video de baz\u0103 p\u00e2n\u0103 la corec\u021bie avansat\u0103 a culorilor, design de sunet, efecte speciale \u0219i anima\u021bie. Scopul nostru este s\u0103 v\u0103 ajut\u0103m s\u0103 ave\u021bi un video captivant, care s\u0103 \u021bin\u0103 publicul interesat.<\/p>\t<\/div>\n<\/div>\n<h5 class=\"qodef-e-title-holder\">\n\t<span class=\"qodef-e-title\">\n\t\t\t\t2.\u00a0Pute\u021bi edita secven\u021be filmate cu diferite camere \u0219i dispozitive?\t<\/span>\n\t\t<span class=\"qodef-e-mark\">\n\t\t<span class=\"qodef-icon--plus\">\n\t\t\t\t<span class=\"qodef-e-icon\">\n\t\t<i aria-hidden=\"true\" class=\"icon icon-plus\"><\/i>\t<\/span>\n\t\t\t<\/span>\n\t\t<span class=\"qodef-icon--minus\">\n\t\t\t\t<span class=\"qodef-e-icon\">\n\t\t<i aria-hidden=\"true\" class=\"icon icon-minus\"><\/i>\t<\/span>\n\t\t\t<\/span>\n\t<\/span>\n\t<\/h5>\n<div class=\"qodef-e-content\">\n\t<div class=\"qodef-e-content-inner\">\n\t\t<p>Da, avem experien\u021ba \u0219i capacitatea de a edita videouri filmate cu diferite camere \u0219i dispozitive, inclusiv camere profesionale, smartphone-uri \u0219i drone.<\/p>\t<\/div>\n<\/div>\n<h5 class=\"qodef-e-title-holder\">\n\t<span class=\"qodef-e-title\">\n\t\t\t\t3.\u00a0Cum v\u0103 asigura\u021bi c\u0103 produsul final al serviciului dvs. de editare video corespunde a\u0219tept\u0103rilor clien\u021bilor dvs.\t<\/span>\n\t\t<span class=\"qodef-e-mark\">\n\t\t<span class=\"qodef-icon--plus\">\n\t\t\t\t<span class=\"qodef-e-icon\">\n\t\t<i aria-hidden=\"true\" class=\"icon icon-plus\"><\/i>\t<\/span>\n\t\t\t<\/span>\n\t\t<span class=\"qodef-icon--minus\">\n\t\t\t\t<span class=\"qodef-e-icon\">\n\t\t<i aria-hidden=\"true\" class=\"icon icon-minus\"><\/i>\t<\/span>\n\t\t\t<\/span>\n\t<\/span>\n\t<\/h5>\n<div class=\"qodef-e-content\">\n\t<div class=\"qodef-e-content-inner\">\n\t\t<p>Avem o conversa\u021bie detaliat\u0103 cu clien\u021bii no\u0219tri pentru a le \u00een\u021belege obiectivele \u0219i viziunea pentru proiectul lor de editare video. Pe parcursul procesului de editare video, oferim actualiz\u0103ri \u0219i revizuiri regulate p\u00e2n\u0103 c\u00e2nd produsul final este exact ceea ce \u00ee\u0219\u00ee imagineaz\u0103 clientul. Scopul nostru este de a-\u021bi dep\u0103\u0219i a\u0219tept\u0103rile \u0219i de a-\u021bi\u00a0 livra un produs final pe care \u00eel vei \u00eendr\u0103gi.<\/p>\t<\/div>\n<\/div>\n<h5 class=\"qodef-e-title-holder\">\n\t<span class=\"qodef-e-title\">\n\t\t\t\t4.\u00a0Pute\u021bi ad\u0103uga efecte speciale \u0219i anima\u021bii \u00een cadrul serviciilor dumneavoastr\u0103 de editare video personalizate?\t<\/span>\n\t\t<span class=\"qodef-e-mark\">\n\t\t<span class=\"qodef-icon--plus\">\n\t\t\t\t<span class=\"qodef-e-icon\">\n\t\t<i aria-hidden=\"true\" class=\"icon icon-plus\"><\/i>\t<\/span>\n\t\t\t<\/span>\n\t\t<span class=\"qodef-icon--minus\">\n\t\t\t\t<span class=\"qodef-e-icon\">\n\t\t<i aria-hidden=\"true\" class=\"icon icon-minus\"><\/i>\t<\/span>\n\t\t\t<\/span>\n\t<\/span>\n\t<\/h5>\n<div class=\"qodef-e-content\">\n\t<div class=\"qodef-e-content-inner\">\n\t\t<p>Da, editorii no\u0219tri pot crea efecte speciale \u0219i anima\u021bii uimitoare care vor \u00eembun\u0103t\u0103\u021bi aspectul general al videoclipului t\u0103u. Fie c\u0103 dore\u0219ti s\u0103 adaugi un anumit element vizual sau s\u0103 creezi un videoclip mai dinamic, avem experien\u021ba \u0219i instrumentele necesare pentru a-\u021bi aduce viziunea la via\u021b\u0103.<\/p>\t<\/div>\n<\/div>\n<h5 class=\"qodef-e-title-holder\">\n\t<span class=\"qodef-e-title\">\n\t\t\t\t5.\u00a0C\u00e2t timp dureaz\u0103 editarea unui videoclip cu serviciile dvs. de editare video personalizate?\t<\/span>\n\t\t<span class=\"qodef-e-mark\">\n\t\t<span class=\"qodef-icon--plus\">\n\t\t\t\t<span class=\"qodef-e-icon\">\n\t\t<i aria-hidden=\"true\" class=\"icon icon-plus\"><\/i>\t<\/span>\n\t\t\t<\/span>\n\t\t<span class=\"qodef-icon--minus\">\n\t\t\t\t<span class=\"qodef-e-icon\">\n\t\t<i aria-hidden=\"true\" class=\"icon icon-minus\"><\/i>\t<\/span>\n\t\t\t<\/span>\n\t<\/span>\n\t<\/h5>\n<div class=\"qodef-e-content\">\n\t<div class=\"qodef-e-content-inner\">\n\t\t<p>Timpul pentru serviciul nostru de editare video personalizat depinde de diver\u0219i factori, cum ar fi lungimea videoclipului, complexitatea proiectului \u0219i num\u0103rul de revizuiri solicitate de client. \u00cen general, un videoclip promo\u021bional sau corporativ standard poate fi finalizat \u00eentr-o s\u0103pt\u0103m\u00e2n\u0103. Cu toate acestea, \u00ee\u021bi vom oferi un termen mai precis \u00een func\u021bie de cerin\u021bele specifice ale proiectului t\u0103u.<\/p>\t<\/div>\n<\/div>\n<h5 class=\"qodef-e-title-holder\">\n\t<span class=\"qodef-e-title\">\n\t\t\t\t6.\u00a0Oferi\u021bi servicii de corec\u021bie a culorilor \u0219i design de sunet ca parte a serviciilor de editare video personalizate?\t<\/span>\n\t\t<span class=\"qodef-e-mark\">\n\t\t<span class=\"qodef-icon--plus\">\n\t\t\t\t<span class=\"qodef-e-icon\">\n\t\t<i aria-hidden=\"true\" class=\"icon icon-plus\"><\/i>\t<\/span>\n\t\t\t<\/span>\n\t\t<span class=\"qodef-icon--minus\">\n\t\t\t\t<span class=\"qodef-e-icon\">\n\t\t<i aria-hidden=\"true\" class=\"icon icon-minus\"><\/i>\t<\/span>\n\t\t\t<\/span>\n\t<\/span>\n\t<\/h5>\n<div class=\"qodef-e-content\">\n\t<div class=\"qodef-e-content-inner\">\n\t\t<p>Da, oferim servicii de corec\u021bie a culorilor \u0219i de design sunet pentru a ne asigura c\u0103 produsul final este uimitor din punct de vedere vizual \u0219i bogat din punct de vedere sonor. Editorii no\u0219tri vor colabora cu tine pentru a crea un produs final care s\u0103 \u021bin\u0103 publicul captivat \u0219i s\u0103 transmit\u0103 mesajul t\u0103u.<\/p>\t<\/div>\n<\/div>\n<h5 class=\"qodef-e-title-holder\">\n\t<span class=\"qodef-e-title\">\n\t\t\t\t7.\u00a0V\u0103 pute\u021bi ocupa de mai multe proiecte de editare video \u00een acela\u0219i timp?\t<\/span>\n\t\t<span class=\"qodef-e-mark\">\n\t\t<span class=\"qodef-icon--plus\">\n\t\t\t\t<span class=\"qodef-e-icon\">\n\t\t<i aria-hidden=\"true\" class=\"icon icon-plus\"><\/i>\t<\/span>\n\t\t\t<\/span>\n\t\t<span class=\"qodef-icon--minus\">\n\t\t\t\t<span class=\"qodef-e-icon\">\n\t\t<i aria-hidden=\"true\" class=\"icon icon-minus\"><\/i>\t<\/span>\n\t\t\t<\/span>\n\t<\/span>\n\t<\/h5>\n<div class=\"qodef-e-content\">\n\t<div class=\"qodef-e-content-inner\">\n\t\t<p>Da, echipa noastr\u0103 de editare video are experien\u021b\u0103 \u00een gestionarea mai multor proiecte simultan, oferind \u00een acela\u0219i timp rezultate de calitate superioar\u0103. Avem capacitatea de a gestiona mai multe proiecte f\u0103r\u0103 a sacrifica calitatea muncii noastre.<\/p>\t<\/div>\n<\/div>\n<h5 class=\"qodef-e-title-holder\">\n\t<span class=\"qodef-e-title\">\n\t\t\t\t8.\u00a0Cum gestiona\u021bi revizuirile \u0219i modific\u0103rile solicitate de clien\u021bi \u00een timpul procesului de editare video?\t<\/span>\n\t\t<span class=\"qodef-e-mark\">\n\t\t<span class=\"qodef-icon--plus\">\n\t\t\t\t<span class=\"qodef-e-icon\">\n\t\t<i aria-hidden=\"true\" class=\"icon icon-plus\"><\/i>\t<\/span>\n\t\t\t<\/span>\n\t\t<span class=\"qodef-icon--minus\">\n\t\t\t\t<span class=\"qodef-e-icon\">\n\t\t<i aria-hidden=\"true\" class=\"icon icon-minus\"><\/i>\t<\/span>\n\t\t\t<\/span>\n\t<\/span>\n\t<\/h5>\n<div class=\"qodef-e-content\">\n\t<div class=\"qodef-e-content-inner\">\n\t\t<p>Suntem dedica\u021bi s\u0103 livr\u0103m un produs final care s\u0103 dep\u0103\u0219easc\u0103 a\u0219tept\u0103rile clien\u021bilor no\u0219tri. \u00cen cazul \u00een care sunt solicitate revizuiri sau modific\u0103ri, vom lucra cu clien\u021bii no\u0219tri pentru a le \u00eencorpora \u00een produsul final \u00een timp util. Scopul nostru este de a asigura satisfac\u021bia complet\u0103 a clientului cu privire la rezultatul final al serviciilor noastre de editare video.<\/p>\t<\/div>\n<\/div>\n<h5 class=\"qodef-e-title-holder\">\n\t<span class=\"qodef-e-title\">\n\t\t\t\t9.\u00a0Ne pute\u021bi oferi exemple sau un portofoliu de proiecte de editare video anterioare?\t<\/span>\n\t\t<span class=\"qodef-e-mark\">\n\t\t<span class=\"qodef-icon--plus\">\n\t\t\t\t<span class=\"qodef-e-icon\">\n\t\t<i aria-hidden=\"true\" class=\"icon icon-plus\"><\/i>\t<\/span>\n\t\t\t<\/span>\n\t\t<span class=\"qodef-icon--minus\">\n\t\t\t\t<span class=\"qodef-e-icon\">\n\t\t<i aria-hidden=\"true\" class=\"icon icon-minus\"><\/i>\t<\/span>\n\t\t\t<\/span>\n\t<\/span>\n\t<\/h5>\n<div class=\"qodef-e-content\">\n\t<div class=\"qodef-e-content-inner\">\n\t\t<p>Da, avem un portofoliu al proiectelor noastre anterioare disponibile pentru revizuire. Portofoliul nostru prezint\u0103 calitatea muncii noastre \u0219i demonstreaz\u0103 expertiza noastr\u0103 \u00een domeniul serviciilor de editare video. Suntem \u00eentotdeauna bucuro\u0219i s\u0103 furniz\u0103m referin\u021be sau mostre ale lucr\u0103rilor noastre anterioare, la cerere.<\/p>\t<\/div>\n<\/div>\n<h5 class=\"qodef-e-title-holder\">\n\t<span class=\"qodef-e-title\">\n\t\t\t\t10.\u00a0Cum v\u0103 stabili\u021bi pre\u021burile pentru serviciile de editare video?\t<\/span>\n\t\t<span class=\"qodef-e-mark\">\n\t\t<span class=\"qodef-icon--plus\">\n\t\t\t\t<span class=\"qodef-e-icon\">\n\t\t<i aria-hidden=\"true\" class=\"icon icon-plus\"><\/i>\t<\/span>\n\t\t\t<\/span>\n\t\t<span class=\"qodef-icon--minus\">\n\t\t\t\t<span class=\"qodef-e-icon\">\n\t\t<i aria-hidden=\"true\" class=\"icon icon-minus\"><\/i>\t<\/span>\n\t\t\t<\/span>\n\t<\/span>\n\t<\/h5>\n<div class=\"qodef-e-content\">\n\t<div class=\"qodef-e-content-inner\">\n\t\t<p>Pre\u021burile noastre se bazeaz\u0103 pe mai mul\u021bi factori, inclusiv lungimea videoclipului, complexitatea proiectului \u0219i timpul efectiv de editare. Suntem \u00eentotdeauna bucuro\u0219i s\u0103 \u00ee\u021bi oferim o ofert\u0103 detaliat\u0103 bazat\u0103 pe nevoile specifice ale fiec\u0103rui proiect. Scopul nostru este de a oferi pre\u021buri competitive, oferind \u00een acela\u0219i timp rezultate de cea mai bun\u0103 calitate.<\/p>\t<\/div>\n<\/div>\n<\/div>\n\t<script type=\"application\/ld+json\">{\"@context\":\"https:\\\/\\\/schema.org\",\"@type\":\"FAQPage\",\"mainEntity\":[{\"@type\":\"Question\",\"name\":\"1. Ce servicii de editare video oferi\\u021bi?\",\"acceptedAnswer\":{\"@type\":\"Answer\",\"text\":\"<p>Serviciile noastre personalizate de editare video includ<\\\/p><p>\\u2022 videoclipuri promo\\u021bionale,<\\\/p><p>\\u2022 videoclipuri corporative,<\\\/p><p>\\u2022 videoclipuri muzicale,<\\\/p><p>\\u2022 proiecte personale \\u0219i multe altele.<\\\/p><p>Oferim totul, de la editare video de baz\\u0103 p\\u00e2n\\u0103 la corec\\u021bie avansat\\u0103 a culorilor, design de sunet, efecte speciale \\u0219i anima\\u021bie. Scopul nostru este s\\u0103 v\\u0103 ajut\\u0103m s\\u0103 ave\\u021bi un video captivant, care s\\u0103 \\u021bin\\u0103 publicul interesat.<\\\/p>\"}},{\"@type\":\"Question\",\"name\":\"2.\\u00a0Pute\\u021bi edita secven\\u021be filmate cu diferite camere \\u0219i dispozitive?\",\"acceptedAnswer\":{\"@type\":\"Answer\",\"text\":\"<p>Da, avem experien\\u021ba \\u0219i capacitatea de a edita videouri filmate cu diferite camere \\u0219i dispozitive, inclusiv camere profesionale, smartphone-uri \\u0219i drone.<\\\/p>\"}},{\"@type\":\"Question\",\"name\":\"3.\\u00a0Cum v\\u0103 asigura\\u021bi c\\u0103 produsul final al serviciului dvs. de editare video corespunde a\\u0219tept\\u0103rilor clien\\u021bilor dvs.\",\"acceptedAnswer\":{\"@type\":\"Answer\",\"text\":\"<p>Avem o conversa\\u021bie detaliat\\u0103 cu clien\\u021bii no\\u0219tri pentru a le \\u00een\\u021belege obiectivele \\u0219i viziunea pentru proiectul lor de editare video. Pe parcursul procesului de editare video, oferim actualiz\\u0103ri \\u0219i revizuiri regulate p\\u00e2n\\u0103 c\\u00e2nd produsul final este exact ceea ce \\u00ee\\u0219\\u00ee imagineaz\\u0103 clientul. Scopul nostru este de a-\\u021bi dep\\u0103\\u0219i a\\u0219tept\\u0103rile \\u0219i de a-\\u021bi\\u00a0 livra un produs final pe care \\u00eel vei \\u00eendr\\u0103gi.<\\\/p>\"}},{\"@type\":\"Question\",\"name\":\"4.\\u00a0Pute\\u021bi ad\\u0103uga efecte speciale \\u0219i anima\\u021bii \\u00een cadrul serviciilor dumneavoastr\\u0103 de editare video personalizate?\",\"acceptedAnswer\":{\"@type\":\"Answer\",\"text\":\"<p>Da, editorii no\\u0219tri pot crea efecte speciale \\u0219i anima\\u021bii uimitoare care vor \\u00eembun\\u0103t\\u0103\\u021bi aspectul general al videoclipului t\\u0103u. Fie c\\u0103 dore\\u0219ti s\\u0103 adaugi un anumit element vizual sau s\\u0103 creezi un videoclip mai dinamic, avem experien\\u021ba \\u0219i instrumentele necesare pentru a-\\u021bi aduce viziunea la via\\u021b\\u0103.<\\\/p>\"}},{\"@type\":\"Question\",\"name\":\"5.\\u00a0C\\u00e2t timp dureaz\\u0103 editarea unui videoclip cu serviciile dvs. de editare video personalizate?\",\"acceptedAnswer\":{\"@type\":\"Answer\",\"text\":\"<p>Timpul pentru serviciul nostru de editare video personalizat depinde de diver\\u0219i factori, cum ar fi lungimea videoclipului, complexitatea proiectului \\u0219i num\\u0103rul de revizuiri solicitate de client. \\u00cen general, un videoclip promo\\u021bional sau corporativ standard poate fi finalizat \\u00eentr-o s\\u0103pt\\u0103m\\u00e2n\\u0103. Cu toate acestea, \\u00ee\\u021bi vom oferi un termen mai precis \\u00een func\\u021bie de cerin\\u021bele specifice ale proiectului t\\u0103u.<\\\/p>\"}},{\"@type\":\"Question\",\"name\":\"6.\\u00a0Oferi\\u021bi servicii de corec\\u021bie a culorilor \\u0219i design de sunet ca parte a serviciilor de editare video personalizate?\",\"acceptedAnswer\":{\"@type\":\"Answer\",\"text\":\"<p>Da, oferim servicii de corec\\u021bie a culorilor \\u0219i de design sunet pentru a ne asigura c\\u0103 produsul final este uimitor din punct de vedere vizual \\u0219i bogat din punct de vedere sonor. Editorii no\\u0219tri vor colabora cu tine pentru a crea un produs final care s\\u0103 \\u021bin\\u0103 publicul captivat \\u0219i s\\u0103 transmit\\u0103 mesajul t\\u0103u.<\\\/p>\"}},{\"@type\":\"Question\",\"name\":\"7.\\u00a0V\\u0103 pute\\u021bi ocupa de mai multe proiecte de editare video \\u00een acela\\u0219i timp?\",\"acceptedAnswer\":{\"@type\":\"Answer\",\"text\":\"<p>Da, echipa noastr\\u0103 de editare video are experien\\u021b\\u0103 \\u00een gestionarea mai multor proiecte simultan, oferind \\u00een acela\\u0219i timp rezultate de calitate superioar\\u0103. Avem capacitatea de a gestiona mai multe proiecte f\\u0103r\\u0103 a sacrifica calitatea muncii noastre.<\\\/p>\"}},{\"@type\":\"Question\",\"name\":\"8.\\u00a0Cum gestiona\\u021bi revizuirile \\u0219i modific\\u0103rile solicitate de clien\\u021bi \\u00een timpul procesului de editare video?\",\"acceptedAnswer\":{\"@type\":\"Answer\",\"text\":\"<p>Suntem dedica\\u021bi s\\u0103 livr\\u0103m un produs final care s\\u0103 dep\\u0103\\u0219easc\\u0103 a\\u0219tept\\u0103rile clien\\u021bilor no\\u0219tri. \\u00cen cazul \\u00een care sunt solicitate revizuiri sau modific\\u0103ri, vom lucra cu clien\\u021bii no\\u0219tri pentru a le \\u00eencorpora \\u00een produsul final \\u00een timp util. Scopul nostru este de a asigura satisfac\\u021bia complet\\u0103 a clientului cu privire la rezultatul final al serviciilor noastre de editare video.<\\\/p>\"}},{\"@type\":\"Question\",\"name\":\"9.\\u00a0Ne pute\\u021bi oferi exemple sau un portofoliu de proiecte de editare video anterioare?\",\"acceptedAnswer\":{\"@type\":\"Answer\",\"text\":\"<p>Da, avem un portofoliu al proiectelor noastre anterioare disponibile pentru revizuire. Portofoliul nostru prezint\\u0103 calitatea muncii noastre \\u0219i demonstreaz\\u0103 expertiza noastr\\u0103 \\u00een domeniul serviciilor de editare video. Suntem \\u00eentotdeauna bucuro\\u0219i s\\u0103 furniz\\u0103m referin\\u021be sau mostre ale lucr\\u0103rilor noastre anterioare, la cerere.<\\\/p>\"}},{\"@type\":\"Question\",\"name\":\"10.\\u00a0Cum v\\u0103 stabili\\u021bi pre\\u021burile pentru serviciile de editare video?\",\"acceptedAnswer\":{\"@type\":\"Answer\",\"text\":\"<p>Pre\\u021burile noastre se bazeaz\\u0103 pe mai mul\\u021bi factori, inclusiv lungimea videoclipului, complexitatea proiectului \\u0219i timpul efectiv de editare. Suntem \\u00eentotdeauna bucuro\\u0219i s\\u0103 \\u00ee\\u021bi oferim o ofert\\u0103 detaliat\\u0103 bazat\\u0103 pe nevoile specifice ale fiec\\u0103rui proiect. Scopul nostru este de a oferi pre\\u021buri competitive, oferind \\u00een acela\\u0219i timp rezultate de cea mai bun\\u0103 calitate.<\\\/p>\"}}]}<\/script>\n\t\t\t\t<\/div>\n\t\t\t\t<\/div>\n\t\t\t\t\t<\/div>\n\t\t<\/div>\n\t\t\t\t\t<\/div>\n\t\t<\/section>\n\t\t\t\t<\/div>","protected":false},"excerpt":{"rendered":"<p>1. Ce servicii de editare video oferi\u021bi? Serviciile noastre personalizate de editare video includ \u2022 videoclipuri promo\u021bionale, \u2022 videoclipuri corporative, \u2022 videoclipuri muzicale, \u2022 proiecte personale \u0219i multe altele. Oferim totul, de la editare video de baz\u0103 p\u00e2n\u0103 la corec\u021bie avansat\u0103 a culorilor, design de sunet, efecte speciale \u0219i anima\u021bie. Scopul nostru este s\u0103 v\u0103 [&hellip;]<\/p>","protected":false},"author":1,"featured_media":0,"parent":0,"menu_order":0,"comment_status":"closed","ping_status":"closed","template":"elementor_header_footer","meta":{"ocean_post_layout":"","ocean_both_sidebars_style":"","ocean_both_sidebars_content_width":0,"ocean_both_sidebars_sidebars_width":0,"ocean_sidebar":"0","ocean_second_sidebar":"0","ocean_disable_margins":"enable","ocean_add_body_class":"","ocean_shortcode_before_top_bar":"","ocean_shortcode_after_top_bar":"","ocean_shortcode_before_header":"","ocean_shortcode_after_header":"","ocean_has_shortcode":"","ocean_shortcode_after_title":"","ocean_shortcode_before_footer_widgets":"","ocean_shortcode_after_footer_widgets":"","ocean_shortcode_before_footer_bottom":"","ocean_shortcode_after_footer_bottom":"","ocean_display_top_bar":"default","ocean_display_header":"default","ocean_header_style":"","ocean_center_header_left_menu":"0","ocean_custom_header_template":"0","ocean_custom_logo":0,"ocean_custom_retina_logo":0,"ocean_custom_logo_max_width":0,"ocean_custom_logo_tablet_max_width":0,"ocean_custom_logo_mobile_max_width":0,"ocean_custom_logo_max_height":0,"ocean_custom_logo_tablet_max_height":0,"ocean_custom_logo_mobile_max_height":0,"ocean_header_custom_menu":"0","ocean_menu_typo_font_family":"0","ocean_menu_typo_font_subset":"","ocean_menu_typo_font_size":0,"ocean_menu_typo_font_size_tablet":0,"ocean_menu_typo_font_size_mobile":0,"ocean_menu_typo_font_size_unit":"px","ocean_menu_typo_font_weight":"","ocean_menu_typo_font_weight_tablet":"","ocean_menu_typo_font_weight_mobile":"","ocean_menu_typo_transform":"","ocean_menu_typo_transform_tablet":"","ocean_menu_typo_transform_mobile":"","ocean_menu_typo_line_height":0,"ocean_menu_typo_line_height_tablet":0,"ocean_menu_typo_line_height_mobile":0,"ocean_menu_typo_line_height_unit":"","ocean_menu_typo_spacing":0,"ocean_menu_typo_spacing_tablet":0,"ocean_menu_typo_spacing_mobile":0,"ocean_menu_typo_spacing_unit":"","ocean_menu_link_color":"","ocean_menu_link_color_hover":"","ocean_menu_link_color_active":"","ocean_menu_link_background":"","ocean_menu_link_hover_background":"","ocean_menu_link_active_background":"","ocean_menu_social_links_bg":"","ocean_menu_social_hover_links_bg":"","ocean_menu_social_links_color":"","ocean_menu_social_hover_links_color":"","ocean_disable_title":"default","ocean_disable_heading":"default","ocean_post_title":"","ocean_post_subheading":"","ocean_post_title_style":"","ocean_post_title_background_color":"","ocean_post_title_background":0,"ocean_post_title_bg_image_position":"","ocean_post_title_bg_image_attachment":"","ocean_post_title_bg_image_repeat":"","ocean_post_title_bg_image_size":"","ocean_post_title_height":0,"ocean_post_title_bg_overlay":0.5,"ocean_post_title_bg_overlay_color":"","ocean_disable_breadcrumbs":"default","ocean_breadcrumbs_color":"","ocean_breadcrumbs_separator_color":"","ocean_breadcrumbs_links_color":"","ocean_breadcrumbs_links_hover_color":"","ocean_display_footer_widgets":"default","ocean_display_footer_bottom":"default","ocean_custom_footer_template":"0","_glsr_average":0,"_glsr_ranking":0,"_glsr_reviews":0,"footnotes":""},"class_list":["post-220","page","type-page","status-publish","hentry","entry"],"_links":{"self":[{"href":"https:\/\/editorvideo.ro\/en\/wp-json\/wp\/v2\/pages\/220","targetHints":{"allow":["GET"]}}],"collection":[{"href":"https:\/\/editorvideo.ro\/en\/wp-json\/wp\/v2\/pages"}],"about":[{"href":"https:\/\/editorvideo.ro\/en\/wp-json\/wp\/v2\/types\/page"}],"author":[{"embeddable":true,"href":"https:\/\/editorvideo.ro\/en\/wp-json\/wp\/v2\/users\/1"}],"replies":[{"embeddable":true,"href":"https:\/\/editorvideo.ro\/en\/wp-json\/wp\/v2\/comments?post=220"}],"version-history":[{"count":23,"href":"https:\/\/editorvideo.ro\/en\/wp-json\/wp\/v2\/pages\/220\/revisions"}],"predecessor-version":[{"id":452,"href":"https:\/\/editorvideo.ro\/en\/wp-json\/wp\/v2\/pages\/220\/revisions\/452"}],"wp:attachment":[{"href":"https:\/\/editorvideo.ro\/en\/wp-json\/wp\/v2\/media?parent=220"}],"curies":[{"name":"wp","href":"https:\/\/api.w.org\/{rel}","templated":true}]}}