{"id":208,"date":"2023-03-29T17:33:43","date_gmt":"2023-03-29T17:33:43","guid":{"rendered":"https:\/\/editorvideo.ro\/?page_id=208"},"modified":"2024-02-27T12:09:05","modified_gmt":"2024-02-27T12:09:05","slug":"ne-ocupam-noi","status":"publish","type":"page","link":"https:\/\/editorvideo.ro\/en\/ne-ocupam-noi\/","title":{"rendered":"Let Us Take Care"},"content":{"rendered":"<div data-elementor-type=\"wp-page\" data-elementor-id=\"208\" class=\"elementor elementor-208\" data-elementor-post-type=\"page\">\n\t\t\t\t\t\t<section class=\"elementor-section elementor-top-section elementor-element elementor-element-657e907a elementor-section-full_width elementor-section-height-default elementor-section-height-default elementor-invisible\" data-id=\"657e907a\" data-element_type=\"section\" data-settings=\"{&quot;animation&quot;:&quot;fadeIn&quot;}\">\n\t\t\t\t\t\t<div class=\"elementor-container elementor-column-gap-default\">\n\t\t\t\t\t<div class=\"elementor-column elementor-col-50 elementor-top-column elementor-element elementor-element-693e1d94\" data-id=\"693e1d94\" data-element_type=\"column\">\n\t\t\t<div class=\"elementor-widget-wrap elementor-element-populated\">\n\t\t\t\t\t\t<div class=\"elementor-element elementor-element-6416c4f0 de_scroll_animation_no elementor-invisible elementor-widget elementor-widget-qi_addons_for_elementor_animated_text\" data-id=\"6416c4f0\" data-element_type=\"widget\" data-settings=\"{&quot;_animation&quot;:&quot;fadeIn&quot;}\" data-widget_type=\"qi_addons_for_elementor_animated_text.default\">\n\t\t\t\t<div class=\"elementor-widget-container\">\n\t\t\t\t\t<div class=\"qodef-shortcode qodef-m  qodef-qi-animated-text qodef--animated-by-word  qodef-qi--has-appear qodef--appear-from-right\" >\n\t\t<h2 class=\"qodef-m-title\">\n\t\t<span class=\"qodef-e-word\">facem<\/span> <span class=\"qodef-e-word\">noi<\/span> <span class=\"qodef-e-word\">aproape<\/span> <span class=\"qodef-e-word\">tot<\/span>\t<\/h2>\n<\/div>\n\t\t\t\t<\/div>\n\t\t\t\t<\/div>\n\t\t\t\t<div class=\"elementor-element elementor-element-611e1461 de_scroll_animation_no elementor-invisible elementor-widget elementor-widget-text-editor\" data-id=\"611e1461\" data-element_type=\"widget\" data-settings=\"{&quot;_animation&quot;:&quot;fadeIn&quot;}\" data-widget_type=\"text-editor.default\">\n\t\t\t\t<div class=\"elementor-widget-container\">\n\t\t\t\t\t\t\t\t\t<p><span style=\"color: #000000; font-family: Arial;\"><span style=\"font-size: 14.6667px; white-space-collapse: preserve;\">\u00cen era digital\u0103 \u00een care tr\u0103im, prezen\u021ba pe social media este o necesitate pentru orice afacere care dore\u0219te s\u0103 fie competitiv\u0103. De aceea, pe l\u00e2ng\u0103 editare video, va oferim \u0219i o gam\u0103 complet\u0103 de servicii menite s\u0103 ajute afacerea dumneavoastr\u0103 s\u0103 \u00ee\u0219i \u00eembun\u0103t\u0103\u021beasc\u0103 prezen\u021ba \u00een online \u0219i s\u0103 \u00ee\u0219i ating\u0103 obiectivele de marketing: <\/span><\/span><\/p><p dir=\"ltr\" style=\"margin-top: 0pt; margin-bottom: 0pt; line-height: 1.38;\"><span style=\"color: #000000; font-family: Arial;\"><span style=\"font-size: 14.6667px; white-space-collapse: preserve;\">Strategia de social media:<\/span><\/span><\/p><p dir=\"ltr\" style=\"margin-top: 0pt; margin-bottom: 0pt; line-height: 1.38;\"><span style=\"color: #000000; font-family: Arial;\"><span style=\"font-size: 14.6667px; white-space-collapse: preserve;\"> -Cre\u0103m un plan de comunicare pe social media care s\u0103 se potriveasc\u0103 cu valorile \u0219i <\/span><\/span><\/p><p dir=\"ltr\" style=\"margin-top: 0pt; margin-bottom: 0pt; line-height: 1.38;\"><span style=\"color: #000000; font-family: Arial;\"><span style=\"font-size: 14.6667px; white-space-collapse: preserve;\"> obiectivele afacerii dumneavoastr\u0103. <\/span><\/span><\/p><p dir=\"ltr\" style=\"margin-top: 0pt; margin-bottom: 0pt; line-height: 1.38;\"><span style=\"color: #000000; font-family: Arial;\"><span style=\"font-size: 14.6667px; white-space-collapse: preserve;\">-Acest plan include un audit al prezen\u021bei actuale, identificarea publicului \u021bint\u0103, <\/span><\/span><\/p><p dir=\"ltr\" style=\"margin-top: 0pt; margin-bottom: 0pt; line-height: 1.38;\"><span style=\"color: #000000; font-family: Arial;\"><span style=\"font-size: 14.6667px; white-space-collapse: preserve;\"> stabilirea obiectivelor \u0219i a tonului de comunicare<\/span><\/span><\/p><p dir=\"ltr\" style=\"margin-top: 0pt; margin-bottom: 0pt; line-height: 1.38;\"><span style=\"color: #000000; font-family: Arial;\"><span style=\"font-size: 14.6667px; white-space-collapse: preserve;\">-Crearea de con\u021binut: scriem script-urile pentru videourile tale <\/span><\/span><\/p><p dir=\"ltr\" style=\"margin-top: 0pt; margin-bottom: 0pt; line-height: 1.38;\"><span style=\"color: #000000; font-family: Arial;\"><span style=\"font-size: 14.6667px; white-space-collapse: preserve;\">-Cre\u0103m post\u0103rile tip imagine carousel \u0219i video, le edit\u0103m \u0219i le program\u0103m. <\/span><\/span><\/p><p dir=\"ltr\" style=\"margin-top: 0pt; margin-bottom: 0pt; line-height: 1.38;\"><span style=\"color: #000000; font-family: Arial;\"><span style=\"font-size: 14.6667px; white-space-collapse: preserve;\">-Gestion\u0103m pagini de social media: facebook, instagram, tiktok, etc.<\/span><\/span><\/p><p dir=\"ltr\" style=\"margin-top: 0pt; margin-bottom: 0pt; line-height: 1.38;\"><span style=\"color: #000000; font-family: Arial;\"><span style=\"font-size: 14.6667px; white-space-collapse: preserve;\">-Virtual assistent: orice task-uri mici repetitive care va m\u0103n\u00e2nc\u0103 din timpul vostru \u0219i le pute\u021bi delega, le putem prelua noi: de la editare video, prezent\u0103ri, \u00een power point sau canva, editare foto, caption text, programare \u00een platforme \u0219i verificare texte. <\/span><\/span><\/p><p dir=\"ltr\" style=\"margin-top: 0pt; margin-bottom: 0pt; line-height: 1.38;\"><span style=\"color: #000000; font-family: Arial;\"><span style=\"font-size: 14.6667px; white-space-collapse: preserve;\">\u00a0<\/span><\/span><\/p><p dir=\"ltr\" style=\"margin-top: 0pt; margin-bottom: 0pt; line-height: 1.38;\"><span style=\"color: #000000; font-family: Arial;\"><span style=\"font-size: 14.6667px; white-space-collapse: preserve;\">Pentru a afl\u0103 mai multe despre cum v\u0103 putem ajut\u0103 s\u0103 v\u0103 \u00eembun\u0103t\u0103\u021bi\u021bi prezen\u021ba pe social media, v\u0103 rug\u0103m s\u0103 ne contacta\u021bi.<\/span><\/span><\/p>\t\t\t\t\t\t\t\t<\/div>\n\t\t\t\t<\/div>\n\t\t\t\t\t<\/div>\n\t\t<\/div>\n\t\t\t\t<div class=\"elementor-column elementor-col-50 elementor-top-column elementor-element elementor-element-7a31ff68\" data-id=\"7a31ff68\" data-element_type=\"column\">\n\t\t\t<div class=\"elementor-widget-wrap elementor-element-populated\">\n\t\t\t\t\t\t<div class=\"elementor-element elementor-element-2651e1a de_scroll_animation_no elementor-invisible elementor-widget elementor-widget-image\" data-id=\"2651e1a\" data-element_type=\"widget\" data-settings=\"{&quot;_animation&quot;:&quot;fadeIn&quot;}\" data-widget_type=\"image.default\">\n\t\t\t\t<div class=\"elementor-widget-container\">\n\t\t\t\t\t\t\t\t\t\t\t\t\t\t\t<img fetchpriority=\"high\" decoding=\"async\" width=\"2000\" height=\"1333\" src=\"https:\/\/editorvideo.ro\/wp-content\/uploads\/2023\/03\/male-videographer-edits-and-cuts-footage-and-sound-on-his-personal-computer.jpg\" class=\"attachment-full size-full wp-image-215\" alt=\"Male Videographer Edits and Cuts Footage and Sound on His Personal Computer\" srcset=\"https:\/\/editorvideo.ro\/wp-content\/uploads\/2023\/03\/male-videographer-edits-and-cuts-footage-and-sound-on-his-personal-computer.jpg 2000w, https:\/\/editorvideo.ro\/wp-content\/uploads\/2023\/03\/male-videographer-edits-and-cuts-footage-and-sound-on-his-personal-computer-300x200.jpg 300w, https:\/\/editorvideo.ro\/wp-content\/uploads\/2023\/03\/male-videographer-edits-and-cuts-footage-and-sound-on-his-personal-computer-1024x682.jpg 1024w, https:\/\/editorvideo.ro\/wp-content\/uploads\/2023\/03\/male-videographer-edits-and-cuts-footage-and-sound-on-his-personal-computer-768x512.jpg 768w, https:\/\/editorvideo.ro\/wp-content\/uploads\/2023\/03\/male-videographer-edits-and-cuts-footage-and-sound-on-his-personal-computer-1536x1024.jpg 1536w\" sizes=\"(max-width: 2000px) 100vw, 2000px\" \/>\t\t\t\t\t\t\t\t\t\t\t\t\t\t\t<\/div>\n\t\t\t\t<\/div>\n\t\t\t\t\t<\/div>\n\t\t<\/div>\n\t\t\t\t\t<\/div>\n\t\t<\/section>\n\t\t\t\t<section class=\"elementor-section elementor-top-section elementor-element elementor-element-38060c5 elementor-section-full_width elementor-section-height-default elementor-section-height-default elementor-invisible\" data-id=\"38060c5\" data-element_type=\"section\" data-settings=\"{&quot;animation&quot;:&quot;fadeIn&quot;}\">\n\t\t\t\t\t\t<div class=\"elementor-container elementor-column-gap-default\">\n\t\t\t\t\t<div class=\"elementor-column elementor-col-50 elementor-top-column elementor-element elementor-element-1cb70de\" data-id=\"1cb70de\" data-element_type=\"column\">\n\t\t\t<div class=\"elementor-widget-wrap elementor-element-populated\">\n\t\t\t\t\t\t<div class=\"elementor-element elementor-element-9865887 elementor-widget__width-initial de_scroll_animation_no elementor-widget elementor-widget-video\" data-id=\"9865887\" data-element_type=\"widget\" data-settings=\"{&quot;youtube_url&quot;:&quot;https:\\\/\\\/youtu.be\\\/gmB5hEjdzQg&quot;,&quot;video_type&quot;:&quot;youtube&quot;,&quot;controls&quot;:&quot;yes&quot;}\" data-widget_type=\"video.default\">\n\t\t\t\t<div class=\"elementor-widget-container\">\n\t\t\t\t\t\t\t<div class=\"elementor-wrapper elementor-open-inline\">\n\t\t\t<div class=\"elementor-video\"><\/div>\t\t<\/div>\n\t\t\t\t\t\t<\/div>\n\t\t\t\t<\/div>\n\t\t\t\t\t<\/div>\n\t\t<\/div>\n\t\t\t\t<div class=\"elementor-column elementor-col-50 elementor-top-column elementor-element elementor-element-b89d22b\" data-id=\"b89d22b\" data-element_type=\"column\">\n\t\t\t<div class=\"elementor-widget-wrap elementor-element-populated\">\n\t\t\t\t\t\t<div class=\"elementor-element elementor-element-7ab55c6 de_scroll_animation_no elementor-invisible elementor-widget elementor-widget-qi_addons_for_elementor_animated_text\" data-id=\"7ab55c6\" data-element_type=\"widget\" data-settings=\"{&quot;_animation&quot;:&quot;fadeIn&quot;}\" data-widget_type=\"qi_addons_for_elementor_animated_text.default\">\n\t\t\t\t<div class=\"elementor-widget-container\">\n\t\t\t\t\t<div class=\"qodef-shortcode qodef-m  qodef-qi-animated-text qodef--animated-by-word  qodef-qi--has-appear qodef--appear-from-right\" >\n\t\t<h2 class=\"qodef-m-title\">\n\t\t<span class=\"qodef-e-word\">E\u0219ti<\/span> <span class=\"qodef-e-word\">preg\u0103tit<\/span> <span class=\"qodef-e-word\">s\u0103<\/span> <span class=\"qodef-e-word\">ajungi<\/span> <span class=\"qodef-e-word\">la<\/span> <span class=\"qodef-e-word\">urm\u0103torul<\/span> <span class=\"qodef-e-word\">nivel?<\/span>\t<\/h2>\n<\/div>\n\t\t\t\t<\/div>\n\t\t\t\t<\/div>\n\t\t\t\t<div class=\"elementor-element elementor-element-49c41c0 de_scroll_animation_no elementor-invisible elementor-widget elementor-widget-text-editor\" data-id=\"49c41c0\" data-element_type=\"widget\" data-settings=\"{&quot;_animation&quot;:&quot;fadeIn&quot;}\" data-widget_type=\"text-editor.default\">\n\t\t\t\t<div class=\"elementor-widget-container\">\n\t\t\t\t\t\t\t\t\t<p><span style=\"color: #000000; font-family: Arial;\"><span style=\"font-size: 14.6667px; white-space-collapse: preserve;\">Dac\u0103 dore\u0219ti s\u0103 scapi de stresul marketingului, s\u0103 ajungi la urmatorul nivel, s\u0103 evoluezi \u0219i s\u0103 devii cunoscut \u00een mediul online. Las\u0103 \u00een m\u00e2inile noastre grijile \u0219i dorin\u021bele tale si noi o s\u0103 ne ocup\u0103m de aproape tot ce \u00eenseamna social media. Nu ezita s\u0103 ne contactezi!<\/span><\/span><\/p>\t\t\t\t\t\t\t\t<\/div>\n\t\t\t\t<\/div>\n\t\t\t\t\t<\/div>\n\t\t<\/div>\n\t\t\t\t\t<\/div>\n\t\t<\/section>\n\t\t\t\t<section class=\"elementor-section elementor-top-section elementor-element elementor-element-678da5c elementor-reverse-mobile elementor-section-boxed elementor-section-height-default elementor-section-height-default\" data-id=\"678da5c\" data-element_type=\"section\" data-settings=\"{&quot;background_background&quot;:&quot;classic&quot;}\">\n\t\t\t\t\t\t<div class=\"elementor-container elementor-column-gap-default\">\n\t\t\t\t\t<div class=\"elementor-column elementor-col-50 elementor-top-column elementor-element elementor-element-652f614\" data-id=\"652f614\" data-element_type=\"column\">\n\t\t\t<div class=\"elementor-widget-wrap elementor-element-populated\">\n\t\t\t\t\t\t<div class=\"elementor-element elementor-element-5864feb de_scroll_scale_distance_1.1 elementor-widget elementor-widget-image\" data-id=\"5864feb\" data-element_type=\"widget\" data-widget_type=\"image.default\">\n\t\t\t\t<div class=\"elementor-widget-container\">\n\t\t\t\t\t\t\t\t\t\t\t\t\t\t\t<img decoding=\"async\" src=\"https:\/\/editorvideo.ro\/wp-content\/uploads\/elementor\/thumbs\/Adauga-in-COS-qkf8rcmr4076i43inaeacf4k741d90wypu8nvp2sa8.png\" title=\"Adauga in COS\" alt=\"Adauga in COS\" loading=\"lazy\" \/>\t\t\t\t\t\t\t\t\t\t\t\t\t\t\t<\/div>\n\t\t\t\t<\/div>\n\t\t\t\t\t<\/div>\n\t\t<\/div>\n\t\t\t\t<div class=\"elementor-column elementor-col-50 elementor-top-column elementor-element elementor-element-5de39d8\" data-id=\"5de39d8\" data-element_type=\"column\">\n\t\t\t<div class=\"elementor-widget-wrap elementor-element-populated\">\n\t\t\t\t\t\t<div class=\"elementor-element elementor-element-7cb03d8 elementor-widget__width-initial elementor-button-align-stretch de_scroll_animation_no elementor-widget elementor-widget-form\" data-id=\"7cb03d8\" data-element_type=\"widget\" data-settings=\"{&quot;step_next_label&quot;:&quot;Next&quot;,&quot;step_previous_label&quot;:&quot;Previous&quot;,&quot;button_width&quot;:&quot;100&quot;,&quot;step_type&quot;:&quot;number_text&quot;,&quot;step_icon_shape&quot;:&quot;circle&quot;}\" data-widget_type=\"form.default\">\n\t\t\t\t<div class=\"elementor-widget-container\">\n\t\t\t\t\t\t\t<form class=\"elementor-form\" method=\"post\" name=\"New Form\">\n\t\t\t<input type=\"hidden\" name=\"post_id\" value=\"208\"\/>\n\t\t\t<input type=\"hidden\" name=\"form_id\" value=\"7cb03d8\"\/>\n\t\t\t<input type=\"hidden\" name=\"referer_title\" value=\"\" \/>\n\n\t\t\t\n\t\t\t<div class=\"elementor-form-fields-wrapper elementor-labels-\">\n\t\t\t\t\t\t\t\t<div class=\"elementor-field-type-text elementor-field-group elementor-column elementor-field-group-name elementor-col-50 elementor-field-required\">\n\t\t\t\t\t\t\t\t\t\t\t\t<label for=\"form-field-name\" class=\"elementor-field-label elementor-screen-only\">\n\t\t\t\t\t\t\t\tName\t\t\t\t\t\t\t<\/label>\n\t\t\t\t\t\t\t\t\t\t\t\t\t\t<input size=\"1\" type=\"text\" name=\"form_fields[name]\" id=\"form-field-name\" class=\"elementor-field elementor-size-sm  elementor-field-textual\" placeholder=\"Nume\" required=\"required\" aria-required=\"true\">\n\t\t\t\t\t\t\t\t\t\t\t<\/div>\n\t\t\t\t\t\t\t\t<div class=\"elementor-field-type-text elementor-field-group elementor-column elementor-field-group-field_de64865 elementor-col-50 elementor-field-required\">\n\t\t\t\t\t\t\t\t\t\t\t\t<label for=\"form-field-field_de64865\" class=\"elementor-field-label elementor-screen-only\">\n\t\t\t\t\t\t\t\tName\t\t\t\t\t\t\t<\/label>\n\t\t\t\t\t\t\t\t\t\t\t\t\t\t<input size=\"1\" type=\"text\" name=\"form_fields[field_de64865]\" id=\"form-field-field_de64865\" class=\"elementor-field elementor-size-sm  elementor-field-textual\" placeholder=\"Prenume\" required=\"required\" aria-required=\"true\">\n\t\t\t\t\t\t\t\t\t\t\t<\/div>\n\t\t\t\t\t\t\t\t<div class=\"elementor-field-type-email elementor-field-group elementor-column elementor-field-group-email elementor-col-50 elementor-field-required\">\n\t\t\t\t\t\t\t\t\t\t\t\t<label for=\"form-field-email\" class=\"elementor-field-label elementor-screen-only\">\n\t\t\t\t\t\t\t\tEmail\t\t\t\t\t\t\t<\/label>\n\t\t\t\t\t\t\t\t\t\t\t\t\t\t<input size=\"1\" type=\"email\" name=\"form_fields[email]\" id=\"form-field-email\" class=\"elementor-field elementor-size-sm  elementor-field-textual\" placeholder=\"Email\" required=\"required\" aria-required=\"true\">\n\t\t\t\t\t\t\t\t\t\t\t<\/div>\n\t\t\t\t\t\t\t\t<div class=\"elementor-field-type-tel elementor-field-group elementor-column elementor-field-group-field_27870f5 elementor-col-50 elementor-field-required\">\n\t\t\t\t\t\t\t\t\t\t\t\t<label for=\"form-field-field_27870f5\" class=\"elementor-field-label elementor-screen-only\">\n\t\t\t\t\t\t\t\tEmail\t\t\t\t\t\t\t<\/label>\n\t\t\t\t\t\t\t\t<input size=\"1\" type=\"tel\" name=\"form_fields[field_27870f5]\" id=\"form-field-field_27870f5\" class=\"elementor-field elementor-size-sm  elementor-field-textual\" placeholder=\"Numar de telefon\" required=\"required\" aria-required=\"true\" pattern=\"[0-9()#&amp;+*-=.]+\" title=\"Only numbers and phone characters (#, -, *, etc) are accepted.\">\n\n\t\t\t\t\t\t<\/div>\n\t\t\t\t\t\t\t\t<div class=\"elementor-field-type-textarea elementor-field-group elementor-column elementor-field-group-field_707aff1 elementor-col-100\">\n\t\t\t\t\t\t\t\t\t\t\t\t<label for=\"form-field-field_707aff1\" class=\"elementor-field-label elementor-screen-only\">\n\t\t\t\t\t\t\t\tMessage\t\t\t\t\t\t\t<\/label>\n\t\t\t\t\t\t<textarea class=\"elementor-field-textual elementor-field  elementor-size-sm\" name=\"form_fields[field_707aff1]\" id=\"form-field-field_707aff1\" rows=\"3\" placeholder=\"Scrie c\u00e2t mai multe detalii despre cum te-am putea ajuta.\"><\/textarea>\t\t\t\t<\/div>\n\t\t\t\t\t\t\t\t<div class=\"elementor-field-type-radio elementor-field-group elementor-column elementor-field-group-field_ee2ecc6 elementor-col-100\">\n\t\t\t\t\t<div class=\"elementor-field-subgroup\"><span class=\"elementor-field-option\"><input type=\"radio\" value=\"Trimite\u021bi-mi actualiz\u0103ri cu privire la comanda mea, nout\u0103\u021bi \u0219i alte oferte prin e-mail \u0219i WhatsApp.\" id=\"form-field-field_ee2ecc6-0\" name=\"form_fields[field_ee2ecc6]\"> <label for=\"form-field-field_ee2ecc6-0\">Trimite\u021bi-mi actualiz\u0103ri cu privire la comanda mea, nout\u0103\u021bi \u0219i alte oferte prin e-mail \u0219i WhatsApp.<\/label><\/span><\/div>\t\t\t\t<\/div>\n\t\t\t\t\t\t\t\t<div class=\"elementor-field-type-recaptcha elementor-field-group elementor-column elementor-field-group-field_d886a95 elementor-col-100\">\n\t\t\t\t\t<div class=\"elementor-field\" id=\"form-field-field_d886a95\"><div class=\"elementor-g-recaptcha\" data-sitekey=\"6LdQuaclAAAAABzubOntsK5hHxbzm6ZCGH-nNXhK\" data-type=\"v2_checkbox\" data-theme=\"light\" data-size=\"normal\"><\/div><\/div>\t\t\t\t<\/div>\n\t\t\t\t\t\t\t\t<div class=\"elementor-field-group elementor-column elementor-field-type-submit elementor-col-100 e-form__buttons\">\n\t\t\t\t\t<button type=\"submit\" class=\"elementor-button elementor-size-sm\">\n\t\t\t\t\t\t<span >\n\t\t\t\t\t\t\t\t\t\t\t\t\t\t\t<span class=\"elementor-button-icon\">\n\t\t\t\t\t\t\t\t\t\t\t\t\t\t\t\t\t\t\t\t\t\t\t\t\t\t<\/span>\n\t\t\t\t\t\t\t\t\t\t\t\t\t\t\t\t\t\t\t\t\t\t<span class=\"elementor-button-text\">trimite<\/span>\n\t\t\t\t\t\t\t\t\t\t\t\t\t<\/span>\n\t\t\t\t\t<\/button>\n\t\t\t\t<\/div>\n\t\t\t<\/div>\n\t\t<input type=\"hidden\" name=\"trp-form-language\" value=\"en\"\/><\/form>\n\t\t\t\t\t\t<\/div>\n\t\t\t\t<\/div>\n\t\t\t\t\t<\/div>\n\t\t<\/div>\n\t\t\t\t\t<\/div>\n\t\t<\/section>\n\t\t\t\t<\/div>","protected":false},"excerpt":{"rendered":"<p>facem noi aproape tot \u00cen era digital\u0103 \u00een care tr\u0103im, prezen\u021ba pe social media este o necesitate pentru orice afacere care dore\u0219te s\u0103 fie competitiv\u0103. De aceea, pe l\u00e2ng\u0103 editare video, va oferim \u0219i o gam\u0103 complet\u0103 de servicii menite s\u0103 ajute afacerea dumneavoastr\u0103 s\u0103 \u00ee\u0219i \u00eembun\u0103t\u0103\u021beasc\u0103 prezen\u021ba \u00een online \u0219i s\u0103 \u00ee\u0219i ating\u0103 obiectivele [&hellip;]<\/p>","protected":false},"author":1,"featured_media":0,"parent":0,"menu_order":0,"comment_status":"closed","ping_status":"closed","template":"elementor_header_footer","meta":{"ocean_post_layout":"","ocean_both_sidebars_style":"","ocean_both_sidebars_content_width":0,"ocean_both_sidebars_sidebars_width":0,"ocean_sidebar":"0","ocean_second_sidebar":"0","ocean_disable_margins":"enable","ocean_add_body_class":"","ocean_shortcode_before_top_bar":"","ocean_shortcode_after_top_bar":"","ocean_shortcode_before_header":"","ocean_shortcode_after_header":"","ocean_has_shortcode":"","ocean_shortcode_after_title":"","ocean_shortcode_before_footer_widgets":"","ocean_shortcode_after_footer_widgets":"","ocean_shortcode_before_footer_bottom":"","ocean_shortcode_after_footer_bottom":"","ocean_display_top_bar":"default","ocean_display_header":"default","ocean_header_style":"","ocean_center_header_left_menu":"0","ocean_custom_header_template":"0","ocean_custom_logo":0,"ocean_custom_retina_logo":0,"ocean_custom_logo_max_width":0,"ocean_custom_logo_tablet_max_width":0,"ocean_custom_logo_mobile_max_width":0,"ocean_custom_logo_max_height":0,"ocean_custom_logo_tablet_max_height":0,"ocean_custom_logo_mobile_max_height":0,"ocean_header_custom_menu":"0","ocean_menu_typo_font_family":"0","ocean_menu_typo_font_subset":"","ocean_menu_typo_font_size":0,"ocean_menu_typo_font_size_tablet":0,"ocean_menu_typo_font_size_mobile":0,"ocean_menu_typo_font_size_unit":"px","ocean_menu_typo_font_weight":"","ocean_menu_typo_font_weight_tablet":"","ocean_menu_typo_font_weight_mobile":"","ocean_menu_typo_transform":"","ocean_menu_typo_transform_tablet":"","ocean_menu_typo_transform_mobile":"","ocean_menu_typo_line_height":0,"ocean_menu_typo_line_height_tablet":0,"ocean_menu_typo_line_height_mobile":0,"ocean_menu_typo_line_height_unit":"","ocean_menu_typo_spacing":0,"ocean_menu_typo_spacing_tablet":0,"ocean_menu_typo_spacing_mobile":0,"ocean_menu_typo_spacing_unit":"","ocean_menu_link_color":"","ocean_menu_link_color_hover":"","ocean_menu_link_color_active":"","ocean_menu_link_background":"","ocean_menu_link_hover_background":"","ocean_menu_link_active_background":"","ocean_menu_social_links_bg":"","ocean_menu_social_hover_links_bg":"","ocean_menu_social_links_color":"","ocean_menu_social_hover_links_color":"","ocean_disable_title":"default","ocean_disable_heading":"default","ocean_post_title":"","ocean_post_subheading":"","ocean_post_title_style":"","ocean_post_title_background_color":"","ocean_post_title_background":0,"ocean_post_title_bg_image_position":"","ocean_post_title_bg_image_attachment":"","ocean_post_title_bg_image_repeat":"","ocean_post_title_bg_image_size":"","ocean_post_title_height":0,"ocean_post_title_bg_overlay":0.5,"ocean_post_title_bg_overlay_color":"","ocean_disable_breadcrumbs":"default","ocean_breadcrumbs_color":"","ocean_breadcrumbs_separator_color":"","ocean_breadcrumbs_links_color":"","ocean_breadcrumbs_links_hover_color":"","ocean_display_footer_widgets":"default","ocean_display_footer_bottom":"default","ocean_custom_footer_template":"0","_glsr_average":0,"_glsr_ranking":0,"_glsr_reviews":0,"footnotes":""},"class_list":["post-208","page","type-page","status-publish","hentry","entry"],"_links":{"self":[{"href":"https:\/\/editorvideo.ro\/en\/wp-json\/wp\/v2\/pages\/208","targetHints":{"allow":["GET"]}}],"collection":[{"href":"https:\/\/editorvideo.ro\/en\/wp-json\/wp\/v2\/pages"}],"about":[{"href":"https:\/\/editorvideo.ro\/en\/wp-json\/wp\/v2\/types\/page"}],"author":[{"embeddable":true,"href":"https:\/\/editorvideo.ro\/en\/wp-json\/wp\/v2\/users\/1"}],"replies":[{"embeddable":true,"href":"https:\/\/editorvideo.ro\/en\/wp-json\/wp\/v2\/comments?post=208"}],"version-history":[{"count":56,"href":"https:\/\/editorvideo.ro\/en\/wp-json\/wp\/v2\/pages\/208\/revisions"}],"predecessor-version":[{"id":908,"href":"https:\/\/editorvideo.ro\/en\/wp-json\/wp\/v2\/pages\/208\/revisions\/908"}],"wp:attachment":[{"href":"https:\/\/editorvideo.ro\/en\/wp-json\/wp\/v2\/media?parent=208"}],"curies":[{"name":"wp","href":"https:\/\/api.w.org\/{rel}","templated":true}]}}