{"id":120,"date":"2023-03-29T17:00:10","date_gmt":"2023-03-29T17:00:10","guid":{"rendered":"https:\/\/editorvideo.ro\/?page_id=120"},"modified":"2023-10-10T12:25:42","modified_gmt":"2023-10-10T12:25:42","slug":"despre-noi","status":"publish","type":"page","link":"https:\/\/editorvideo.ro\/en\/despre-noi\/","title":{"rendered":"About Us"},"content":{"rendered":"<div data-elementor-type=\"wp-page\" data-elementor-id=\"120\" class=\"elementor elementor-120\" data-elementor-post-type=\"page\">\n\t\t\t\t\t\t<section class=\"elementor-section elementor-top-section elementor-element elementor-element-657e907a elementor-section-full_width elementor-section-height-default elementor-section-height-default elementor-invisible\" data-id=\"657e907a\" data-element_type=\"section\" data-settings=\"{&quot;animation&quot;:&quot;fadeIn&quot;}\">\n\t\t\t\t\t\t<div class=\"elementor-container elementor-column-gap-default\">\n\t\t\t\t\t<div class=\"elementor-column elementor-col-50 elementor-top-column elementor-element elementor-element-693e1d94\" data-id=\"693e1d94\" data-element_type=\"column\">\n\t\t\t<div class=\"elementor-widget-wrap elementor-element-populated\">\n\t\t\t\t\t\t<div class=\"elementor-element elementor-element-6416c4f0 de_scroll_animation_no elementor-invisible elementor-widget elementor-widget-qi_addons_for_elementor_animated_text\" data-id=\"6416c4f0\" data-element_type=\"widget\" data-settings=\"{&quot;_animation&quot;:&quot;fadeIn&quot;}\" data-widget_type=\"qi_addons_for_elementor_animated_text.default\">\n\t\t\t\t<div class=\"elementor-widget-container\">\n\t\t\t\t\t<div class=\"qodef-shortcode qodef-m  qodef-qi-animated-text qodef--animated-by-word  qodef-qi--has-appear qodef--appear-from-right\" >\n\t\t<h2 class=\"qodef-m-title\">\n\t\t<span class=\"qodef-e-word\">o<\/span> <span class=\"qodef-e-word\">echip\u0103<\/span> <span class=\"qodef-e-word\">t\u00e2n\u0103r\u0103<\/span>\t<\/h2>\n<\/div>\n\t\t\t\t<\/div>\n\t\t\t\t<\/div>\n\t\t\t\t<div class=\"elementor-element elementor-element-611e1461 de_scroll_animation_no elementor-invisible elementor-widget elementor-widget-text-editor\" data-id=\"611e1461\" data-element_type=\"widget\" data-settings=\"{&quot;_animation&quot;:&quot;fadeIn&quot;}\" data-widget_type=\"text-editor.default\">\n\t\t\t\t<div class=\"elementor-widget-container\">\n\t\t\t\t\t\t\t\t\t<p>Bun venit la Editorvideo.ro! Suntem o echip\u0103 t\u00e2n\u0103r\u0103 \u0219i entuziast\u0103 de editori video, dedica\u021bi s\u0103 oferim videouri grozave, s\u0103 ne cunoa\u0219tem clien\u021b\u00eei \u0219i s\u0103 \u00eei ajut\u0103m s\u0103 \u00ee\u0219i ating\u0103 obiectivele.<\/p><p>Suntem m\u00e2ndri de fiecare proiect \u00een parte, pe care \u00eel realiz\u0103m \u0219i ne asigur\u0103m mereu ca TU s<span style=\"font-family: Jost, sans-serif; font-size: 16px; font-style: normal; font-variant-ligatures: normal; font-variant-caps: normal; font-weight: 400; color: var( --e-global-color-text ); letter-spacing: var( --e-global-typography-text-letter-spacing );\">\u0103 fii mereu\u00a0<\/span><span style=\"font-size: 16px; color: var( --e-global-color-text ); letter-spacing: var( --e-global-typography-text-letter-spacing );\">mul\u021bumit.<\/span><\/p>\t\t\t\t\t\t\t\t<\/div>\n\t\t\t\t<\/div>\n\t\t\t\t\t<\/div>\n\t\t<\/div>\n\t\t\t\t<div class=\"elementor-column elementor-col-50 elementor-top-column elementor-element elementor-element-7a31ff68\" data-id=\"7a31ff68\" data-element_type=\"column\">\n\t\t\t<div class=\"elementor-widget-wrap elementor-element-populated\">\n\t\t\t\t\t\t<div class=\"elementor-element elementor-element-2651e1a de_scroll_animation_no elementor-invisible elementor-widget elementor-widget-image\" data-id=\"2651e1a\" data-element_type=\"widget\" data-settings=\"{&quot;_animation&quot;:&quot;fadeIn&quot;}\" data-widget_type=\"image.default\">\n\t\t\t\t<div class=\"elementor-widget-container\">\n\t\t\t\t\t\t\t\t\t\t\t\t\t\t\t<img fetchpriority=\"high\" decoding=\"async\" width=\"2000\" height=\"1333\" src=\"https:\/\/editorvideo.ro\/wp-content\/uploads\/2023\/03\/professional-video-editor-on-his-desk-editing-an-online-video.jpg\" class=\"attachment-full size-full wp-image-138\" alt=\"professional video editor on his desk editing an online video\" srcset=\"https:\/\/editorvideo.ro\/wp-content\/uploads\/2023\/03\/professional-video-editor-on-his-desk-editing-an-online-video.jpg 2000w, https:\/\/editorvideo.ro\/wp-content\/uploads\/2023\/03\/professional-video-editor-on-his-desk-editing-an-online-video-300x200.jpg 300w, https:\/\/editorvideo.ro\/wp-content\/uploads\/2023\/03\/professional-video-editor-on-his-desk-editing-an-online-video-1024x682.jpg 1024w, https:\/\/editorvideo.ro\/wp-content\/uploads\/2023\/03\/professional-video-editor-on-his-desk-editing-an-online-video-768x512.jpg 768w, https:\/\/editorvideo.ro\/wp-content\/uploads\/2023\/03\/professional-video-editor-on-his-desk-editing-an-online-video-1536x1024.jpg 1536w\" sizes=\"(max-width: 2000px) 100vw, 2000px\" \/>\t\t\t\t\t\t\t\t\t\t\t\t\t\t\t<\/div>\n\t\t\t\t<\/div>\n\t\t\t\t\t<\/div>\n\t\t<\/div>\n\t\t\t\t\t<\/div>\n\t\t<\/section>\n\t\t\t\t<section class=\"elementor-section elementor-top-section elementor-element elementor-element-d20d555 elementor-reverse-mobile elementor-section-boxed elementor-section-height-default elementor-section-height-default\" data-id=\"d20d555\" data-element_type=\"section\" data-settings=\"{&quot;background_background&quot;:&quot;classic&quot;}\">\n\t\t\t\t\t\t<div class=\"elementor-container elementor-column-gap-default\">\n\t\t\t\t\t<div class=\"elementor-column elementor-col-50 elementor-top-column elementor-element elementor-element-e014bdb\" data-id=\"e014bdb\" data-element_type=\"column\">\n\t\t\t<div class=\"elementor-widget-wrap elementor-element-populated\">\n\t\t\t\t\t\t<div class=\"elementor-element elementor-element-5be6f2d de_scroll_scale_distance_1.1 elementor-widget elementor-widget-image\" data-id=\"5be6f2d\" data-element_type=\"widget\" data-widget_type=\"image.default\">\n\t\t\t\t<div class=\"elementor-widget-container\">\n\t\t\t\t\t\t\t\t\t\t\t\t\t\t\t<img decoding=\"async\" src=\"https:\/\/editorvideo.ro\/wp-content\/uploads\/elementor\/thumbs\/Editorvideo.ro_-scaled-qdnn2pm42gvzibuop2er602rtg6pysh8en5abpy8ig.jpg\" title=\"Editorvideo.ro\" alt=\"Editorvideo.ro\" loading=\"lazy\" \/>\t\t\t\t\t\t\t\t\t\t\t\t\t\t\t<\/div>\n\t\t\t\t<\/div>\n\t\t\t\t\t<\/div>\n\t\t<\/div>\n\t\t\t\t<div class=\"elementor-column elementor-col-50 elementor-top-column elementor-element elementor-element-1f90db4\" data-id=\"1f90db4\" data-element_type=\"column\">\n\t\t\t<div class=\"elementor-widget-wrap elementor-element-populated\">\n\t\t\t\t\t\t<div class=\"elementor-element elementor-element-be3633f de_scroll_animation_no elementor-widget elementor-widget-qi_addons_for_elementor_animated_text\" data-id=\"be3633f\" data-element_type=\"widget\" data-widget_type=\"qi_addons_for_elementor_animated_text.default\">\n\t\t\t\t<div class=\"elementor-widget-container\">\n\t\t\t\t\t<div class=\"qodef-shortcode qodef-m  qodef-qi-animated-text qodef--animated-by-word  qodef-qi--has-appear qodef--appear-from-right\" >\n\t\t<h2 class=\"qodef-m-title\">\n\t\t<span class=\"qodef-e-word\">gam\u0103<\/span> <span class=\"qodef-e-word\">complet\u0103<\/span> <span class=\"qodef-e-word\">de<\/span> <span class=\"qodef-e-word\">servicii<\/span>\t<\/h2>\n<\/div>\n\t\t\t\t<\/div>\n\t\t\t\t<\/div>\n\t\t\t\t<div class=\"elementor-element elementor-element-63655f8 de_scroll_animation_no elementor-invisible elementor-widget elementor-widget-text-editor\" data-id=\"63655f8\" data-element_type=\"widget\" data-settings=\"{&quot;_animation&quot;:&quot;fadeIn&quot;}\" data-widget_type=\"text-editor.default\">\n\t\t\t\t<div class=\"elementor-widget-container\">\n\t\t\t\t\t\t\t\t\t<p>Indiferent dac\u0103 ave\u021bi nevoie de o editare video personalizat\u0103 pentru un video sau de unul dintre pachetele noastre prestabilite, suntem aici pentru a v\u0103 oferi o experien\u021b\u0103 de editare video pl\u0103cut\u0103 \u0219i mai ales o comunicare eficient\u0103.<\/p>\n<p>La Editorvideo.ro, ne d\u0103m seama c\u00e2t de important este s\u0103 ave\u021bi un videoclip care s\u0103 v\u0103 reprezinte brandul \u0219i s\u0103 aib\u0103 un impact. De aceea, oferim o gam\u0103 complet\u0103 de servicii de editare video, inclusiv op\u021biunea de editare video personalizat\u0103. Editorii no\u0219tri video au sute de ore de experien\u021b\u0103 \u0219i sunt aten\u021bi la detalii, astfel \u00eenc\u00e2t videoclipurile tale s\u0103 se eviden\u021bieze \u00een fa\u021ba celorlalte.<\/p>\n<p>Dac\u0103 sunte\u021bi interesat de serviciile noastre de editare video profesionale, nu ezita\u021bi s\u0103 ne contacta\u021bi pentru a afl\u0103 mai multe despre cum v\u0103 putem ajut\u0103 s\u0103 aduci povestea ta la via\u021b\u0103 prin editare video de specialitate.<\/p>\t\t\t\t\t\t\t\t<\/div>\n\t\t\t\t<\/div>\n\t\t\t\t\t<\/div>\n\t\t<\/div>\n\t\t\t\t\t<\/div>\n\t\t<\/section>\n\t\t\t\t<\/div>","protected":false},"excerpt":{"rendered":"<p>o echip\u0103 t\u00e2n\u0103r\u0103 Bun venit la Editorvideo.ro! Suntem o echip\u0103 t\u00e2n\u0103r\u0103 \u0219i entuziast\u0103 de editori video, dedica\u021bi s\u0103 oferim videouri grozave, s\u0103 ne cunoa\u0219tem clien\u021b\u00eei \u0219i s\u0103 \u00eei ajut\u0103m s\u0103 \u00ee\u0219i ating\u0103 obiectivele. Suntem m\u00e2ndri de fiecare proiect \u00een parte, pe care \u00eel realiz\u0103m \u0219i ne asigur\u0103m mereu ca TU s\u0103 fii mereu\u00a0mul\u021bumit. gam\u0103 complet\u0103 [&hellip;]<\/p>","protected":false},"author":1,"featured_media":0,"parent":0,"menu_order":0,"comment_status":"closed","ping_status":"closed","template":"elementor_header_footer","meta":{"ocean_post_layout":"","ocean_both_sidebars_style":"","ocean_both_sidebars_content_width":0,"ocean_both_sidebars_sidebars_width":0,"ocean_sidebar":"","ocean_second_sidebar":"","ocean_disable_margins":"enable","ocean_add_body_class":"","ocean_shortcode_before_top_bar":"","ocean_shortcode_after_top_bar":"","ocean_shortcode_before_header":"","ocean_shortcode_after_header":"","ocean_has_shortcode":"","ocean_shortcode_after_title":"","ocean_shortcode_before_footer_widgets":"","ocean_shortcode_after_footer_widgets":"","ocean_shortcode_before_footer_bottom":"","ocean_shortcode_after_footer_bottom":"","ocean_display_top_bar":"default","ocean_display_header":"default","ocean_header_style":"","ocean_center_header_left_menu":"","ocean_custom_header_template":"","ocean_custom_logo":0,"ocean_custom_retina_logo":0,"ocean_custom_logo_max_width":0,"ocean_custom_logo_tablet_max_width":0,"ocean_custom_logo_mobile_max_width":0,"ocean_custom_logo_max_height":0,"ocean_custom_logo_tablet_max_height":0,"ocean_custom_logo_mobile_max_height":0,"ocean_header_custom_menu":"","ocean_menu_typo_font_family":"","ocean_menu_typo_font_subset":"","ocean_menu_typo_font_size":0,"ocean_menu_typo_font_size_tablet":0,"ocean_menu_typo_font_size_mobile":0,"ocean_menu_typo_font_size_unit":"px","ocean_menu_typo_font_weight":"","ocean_menu_typo_font_weight_tablet":"","ocean_menu_typo_font_weight_mobile":"","ocean_menu_typo_transform":"","ocean_menu_typo_transform_tablet":"","ocean_menu_typo_transform_mobile":"","ocean_menu_typo_line_height":0,"ocean_menu_typo_line_height_tablet":0,"ocean_menu_typo_line_height_mobile":0,"ocean_menu_typo_line_height_unit":"","ocean_menu_typo_spacing":0,"ocean_menu_typo_spacing_tablet":0,"ocean_menu_typo_spacing_mobile":0,"ocean_menu_typo_spacing_unit":"","ocean_menu_link_color":"","ocean_menu_link_color_hover":"","ocean_menu_link_color_active":"","ocean_menu_link_background":"","ocean_menu_link_hover_background":"","ocean_menu_link_active_background":"","ocean_menu_social_links_bg":"","ocean_menu_social_hover_links_bg":"","ocean_menu_social_links_color":"","ocean_menu_social_hover_links_color":"","ocean_disable_title":"default","ocean_disable_heading":"default","ocean_post_title":"","ocean_post_subheading":"","ocean_post_title_style":"","ocean_post_title_background_color":"","ocean_post_title_background":0,"ocean_post_title_bg_image_position":"","ocean_post_title_bg_image_attachment":"","ocean_post_title_bg_image_repeat":"","ocean_post_title_bg_image_size":"","ocean_post_title_height":0,"ocean_post_title_bg_overlay":0.5,"ocean_post_title_bg_overlay_color":"","ocean_disable_breadcrumbs":"default","ocean_breadcrumbs_color":"","ocean_breadcrumbs_separator_color":"","ocean_breadcrumbs_links_color":"","ocean_breadcrumbs_links_hover_color":"","ocean_display_footer_widgets":"default","ocean_display_footer_bottom":"default","ocean_custom_footer_template":"","_glsr_average":0,"_glsr_ranking":0,"_glsr_reviews":0,"footnotes":""},"class_list":["post-120","page","type-page","status-publish","hentry","entry"],"_links":{"self":[{"href":"https:\/\/editorvideo.ro\/en\/wp-json\/wp\/v2\/pages\/120","targetHints":{"allow":["GET"]}}],"collection":[{"href":"https:\/\/editorvideo.ro\/en\/wp-json\/wp\/v2\/pages"}],"about":[{"href":"https:\/\/editorvideo.ro\/en\/wp-json\/wp\/v2\/types\/page"}],"author":[{"embeddable":true,"href":"https:\/\/editorvideo.ro\/en\/wp-json\/wp\/v2\/users\/1"}],"replies":[{"embeddable":true,"href":"https:\/\/editorvideo.ro\/en\/wp-json\/wp\/v2\/comments?post=120"}],"version-history":[{"count":24,"href":"https:\/\/editorvideo.ro\/en\/wp-json\/wp\/v2\/pages\/120\/revisions"}],"predecessor-version":[{"id":760,"href":"https:\/\/editorvideo.ro\/en\/wp-json\/wp\/v2\/pages\/120\/revisions\/760"}],"wp:attachment":[{"href":"https:\/\/editorvideo.ro\/en\/wp-json\/wp\/v2\/media?parent=120"}],"curies":[{"name":"wp","href":"https:\/\/api.w.org\/{rel}","templated":true}]}}